{"id":115,"date":"2017-01-03T16:48:01","date_gmt":"2017-01-03T15:48:01","guid":{"rendered":"http:\/\/new.haus-der-gastlichkeit.de\/?page_id=115"},"modified":"2024-10-16T14:13:56","modified_gmt":"2024-10-16T12:13:56","slug":"hotel","status":"publish","type":"page","link":"https:\/\/www.haus-der-gastlichkeit.de\/index.php\/haus-der-gastlichkeit-2\/hotel\/","title":{"rendered":"Hotel"},"content":{"rendered":"<div id=\"pl-115\"  class=\"panel-layout\" ><div id=\"pg-115-0\"  class=\"panel-grid panel-has-style\" ><div class=\"siteorigin-panels-stretch panel-row-style panel-row-style-for-115-0\" data-stretch-type=\"full-width-stretch\" ><div id=\"pgc-115-0-0\"  class=\"panel-grid-cell\" ><div id=\"panel-115-0-0-0\" class=\"so-panel widget widget_sow-hero panel-first-child panel-last-child\" data-index=\"0\" ><div\n\t\t\t\n\t\t\tclass=\"so-widget-sow-hero so-widget-sow-hero-default-0f000a8e34d0-115 so-widget-fittext-wrapper\"\n\t\t\t data-fit-text-compressor=\"0.85\"\n\t\t>\t\t\t\t<div class=\"sow-slider-base\" style=\"display: none\" tabindex=\"0\">\n\t\t\t\t\t<ul\n\t\t\t\t\tclass=\"sow-slider-images\"\n\t\t\t\t\tdata-settings=\"{&quot;pagination&quot;:true,&quot;speed&quot;:800,&quot;timeout&quot;:8000,&quot;paused&quot;:false,&quot;pause_on_hover&quot;:false,&quot;swipe&quot;:true,&quot;nav_always_show_desktop&quot;:&quot;&quot;,&quot;nav_always_show_mobile&quot;:&quot;&quot;,&quot;breakpoint&quot;:&quot;780px&quot;,&quot;unmute&quot;:false,&quot;anchor&quot;:null}\"\n\t\t\t\t\t\t\t\t\t\tdata-anchor-id=\"\"\n\t\t\t\t>\t\t<li class=\"sow-slider-image  sow-slider-image-cover\" style=\"visibility: visible;;background-color: #333333;background-image: url(https:\/\/www.haus-der-gastlichkeit.de\/wp-content\/uploads\/2016\/08\/P1100786-e1471449733295.jpg)\" >\n\t\t\t\t\t<div class=\"sow-slider-image-container\">\n\t\t\t<div class=\"sow-slider-image-wrapper\">\n\t\t\t\t<h1 style=\"text-align: center\">Hotel<\/h1>\n<h1 style=\"text-align: left\"><img loading=\"lazy\" decoding=\"async\" class=\"wp-image-7 aligncenter\" src=\"https:\/\/www.haus-der-gastlichkeit.de\/wp-content\/uploads\/2016\/07\/LOGO.png\" alt=\"\" width=\"598\" height=\"261\" srcset=\"https:\/\/www.haus-der-gastlichkeit.de\/wp-content\/uploads\/2016\/07\/LOGO.png 1266w, https:\/\/www.haus-der-gastlichkeit.de\/wp-content\/uploads\/2016\/07\/LOGO-300x131.png 300w, https:\/\/www.haus-der-gastlichkeit.de\/wp-content\/uploads\/2016\/07\/LOGO-768x335.png 768w, https:\/\/www.haus-der-gastlichkeit.de\/wp-content\/uploads\/2016\/07\/LOGO-1024x446.png 1024w, https:\/\/www.haus-der-gastlichkeit.de\/wp-content\/uploads\/2016\/07\/LOGO-1200x523.png 1200w\" sizes=\"auto, (max-width: 598px) 100vw, 598px\" \/><\/h1>\n\t\t\t<\/div>\n\t\t<\/div>\n\t\t\t\t<\/li>\n\t\t<\/ul>\t\t\t\t<ol class=\"sow-slider-pagination\">\n\t\t\t\t\t\t\t\t\t\t\t<li><a href=\"#\" data-goto=\"0\" aria-label=\"Display slide 1\"><\/a><\/li>\n\t\t\t\t\t\t\t\t\t<\/ol>\n\n\t\t\t\t<div class=\"sow-slide-nav sow-slide-nav-next\">\n\t\t\t\t\t<a href=\"#\" data-goto=\"next\" aria-label=\"Next slide\" data-action=\"next\">\n\t\t\t\t\t\t<em class=\"sow-sld-icon-thin-right\"><\/em>\n\t\t\t\t\t<\/a>\n\t\t\t\t<\/div>\n\n\t\t\t\t<div class=\"sow-slide-nav sow-slide-nav-prev\">\n\t\t\t\t\t<a href=\"#\" data-goto=\"previous\" aria-label=\"Previous slide\" data-action=\"prev\">\n\t\t\t\t\t\t<em class=\"sow-sld-icon-thin-left\"><\/em>\n\t\t\t\t\t<\/a>\n\t\t\t\t<\/div>\n\t\t\t\t<\/div><\/div><\/div><\/div><\/div><\/div><div id=\"pg-115-1\"  class=\"panel-grid panel-has-style\" ><div class=\"siteorigin-panels-stretch panel-row-style panel-row-style-for-115-1\" data-stretch-type=\"full\" ><div id=\"pgc-115-1-0\"  class=\"panel-grid-cell\" ><div id=\"panel-115-1-0-0\" class=\"widget_text so-panel widget widget_custom_html panel-first-child panel-last-child\" data-index=\"1\" ><div class=\"textwidget custom-html-widget\"><div id=\"d21-quickbook\" data-d21= \"{'hasHorizontalOrientation':true}\"><\/div><\/div><\/div><\/div><\/div><\/div><div id=\"pg-115-2\"  class=\"panel-grid panel-no-style\" ><div id=\"pgc-115-2-0\"  class=\"panel-grid-cell\" ><div id=\"panel-115-2-0-0\" class=\"so-panel widget widget_lsow-tabs panel-first-child panel-last-child\" data-index=\"2\" ><div\n\t\t\t\n\t\t\tclass=\"so-widget-lsow-tabs so-widget-lsow-tabs-default-66fe3d72d884-115\"\n\t\t\t\n\t\t><div class=\"lsow-tabs lsow-vertical style9\" data-mobile-width=\"767\"><a href=\"#\" class=\"lsow-tab-mobile-menu\"><i class=\"lsow-icon-menu\"><\/i>&nbsp;<\/a><div class=\"lsow-tab-nav\"><div class=\"lsow-tab\"><a class=\"lsow-tab-label\" href=\"#\"><span class=\"lsow-icon-wrapper\"><span class=\"sow-icon-ionicons\" data-sow-icon=\"&#xf272;\"\n\t\t \n\t\taria-hidden=\"true\"><\/span><\/span><span class=\"lsow-tab-title\">Fr\u00fchst\u00fcck<\/span><\/a><\/div><div class=\"lsow-tab\"><a class=\"lsow-tab-label\" href=\"#\"><span class=\"lsow-icon-wrapper\"><span class=\"sow-icon-ionicons\" data-sow-icon=\"&#xf47a;\"\n\t\t \n\t\taria-hidden=\"true\"><\/span><\/span><span class=\"lsow-tab-title\">Hund<\/span><\/a><\/div><div class=\"lsow-tab\"><a class=\"lsow-tab-label\" href=\"#\"><span class=\"lsow-icon-wrapper\"><span class=\"sow-icon-ionicons\" data-sow-icon=\"&#xf2c2;\"\n\t\t \n\t\taria-hidden=\"true\"><\/span><\/span><span class=\"lsow-tab-title\">Rauchen<\/span><\/a><\/div><\/div><!-- .lsow-tab-nav --><div class=\"lsow-tab-panes\"><div id=\"\" class=\"lsow-tab-pane\"><p>10\u20ac pro Person<\/p>\n<p>6 - 10 Uhr<\/p>\n<\/div><div id=\"\" class=\"lsow-tab-pane\"><p>8\u20ac pro Nacht<\/p>\n<\/div><div id=\"\" class=\"lsow-tab-pane\"><p>Alle Zimmer sind Nichtraucher-Zimmer<\/p>\n<p>Ausnahme: Balkon, Terrasse<\/p>\n<\/div><\/div><!-- .lsow-tab-panes --><\/div><!-- .lsow-tabs --><\/div><\/div><\/div><div id=\"pgc-115-2-1\"  class=\"panel-grid-cell\" ><div id=\"panel-115-2-1-0\" class=\"so-panel widget widget_lsow-services panel-first-child panel-last-child\" data-index=\"3\" ><div\n\t\t\t\n\t\t\tclass=\"so-widget-lsow-services so-widget-lsow-services-default-edd917943226-115\"\n\t\t\t\n\t\t><div id=\"lsow-services-1\" class=\"lsow-services lsow-style1 lsow-grid-container  lsow-grid-desktop-2 lsow-grid-tablet-2 lsow-grid-mobile-1\"><div class=\"lsow-grid-item lsow-service-wrapper\"><div class=\"lsow-service \" ><div class=\"lsow-icon-wrapper\"><span class=\"sow-icon-fontawesome sow-far\" data-sow-icon=\"&#xf186;\"\n\t\t \n\t\taria-hidden=\"true\"><\/span><\/div><div class=\"lsow-service-text\"><h3 class=\"lsow-title\">Lage<\/h3><div class=\"lsow-service-details\">in einem ruhigen Wohngebiet<\/div><\/div><!-- .lsow-service-text --><\/div><!-- .lsow-service --><\/div><!-- .lsow-service-wrapper --><div class=\"lsow-grid-item lsow-service-wrapper\"><div class=\"lsow-service \" ><div class=\"lsow-icon-wrapper\"><span class=\"sow-icon-fontawesome sow-fas\" data-sow-icon=\"&#xf2cc;\"\n\t\t \n\t\taria-hidden=\"true\"><\/span><\/div><div class=\"lsow-service-text\"><h3 class=\"lsow-title\">Bad<\/h3><div class=\"lsow-service-details\">jedes Zimmer hat Dusche und WC<\/div><\/div><!-- .lsow-service-text --><\/div><!-- .lsow-service --><\/div><!-- .lsow-service-wrapper --><\/div><!-- .lsow-services --><div class=\"lsow-clear\"><\/div><\/div><\/div><\/div><\/div><div id=\"pg-115-3\"  class=\"panel-grid panel-no-style\" ><div id=\"pgc-115-3-0\"  class=\"panel-grid-cell\" ><div id=\"panel-115-3-0-0\" class=\"so-panel widget widget_lsow-services panel-first-child panel-last-child\" data-index=\"4\" ><div\n\t\t\t\n\t\t\tclass=\"so-widget-lsow-services so-widget-lsow-services-default-edd917943226-115\"\n\t\t\t\n\t\t><div id=\"lsow-services-1\" class=\"lsow-services lsow-style1 lsow-grid-container  lsow-grid-desktop-3 lsow-grid-tablet-2 lsow-grid-mobile-1\"><div class=\"lsow-grid-item lsow-service-wrapper\"><div class=\"lsow-service \" ><div class=\"lsow-icon-wrapper\"><span class=\"sow-icon-icomoon\" data-sow-icon=\"&#xe91b;\"\n\t\t \n\t\taria-hidden=\"true\"><\/span><\/div><div class=\"lsow-service-text\"><h3 class=\"lsow-title\">Kostenloses WLAN<\/h3><div class=\"lsow-service-details\">schnelles Internet im ganzen Haus<\/div><\/div><!-- .lsow-service-text --><\/div><!-- .lsow-service --><\/div><!-- .lsow-service-wrapper --><div class=\"lsow-grid-item lsow-service-wrapper\"><div class=\"lsow-service \" ><div class=\"lsow-icon-wrapper\"><span class=\"sow-icon-fontawesome sow-fas\" data-sow-icon=\"&#xf26c;\"\n\t\t \n\t\taria-hidden=\"true\"><\/span><\/div><div class=\"lsow-service-text\"><h3 class=\"lsow-title\">TV-Entertainment<\/h3><div class=\"lsow-service-details\">in High Definition<\/div><\/div><!-- .lsow-service-text --><\/div><!-- .lsow-service --><\/div><!-- .lsow-service-wrapper --><div class=\"lsow-grid-item lsow-service-wrapper\"><div class=\"lsow-service \" ><div class=\"lsow-icon-wrapper\"><span class=\"sow-icon-ionicons\" data-sow-icon=\"&#xf3aa;\"\n\t\t \n\t\taria-hidden=\"true\"><\/span><\/div><div class=\"lsow-service-text\"><h3 class=\"lsow-title\">Restaurant<\/h3><div class=\"lsow-service-details\">durchg\u00e4ngig warme K\u00fcche von 11:00 - 22:00 Uhr in der Sie Qualit\u00e4t genie\u00dfen d\u00fcrfen<\/div><\/div><!-- .lsow-service-text --><\/div><!-- .lsow-service --><\/div><!-- .lsow-service-wrapper --><\/div><!-- .lsow-services --><div class=\"lsow-clear\"><\/div><\/div><\/div><\/div><\/div><div id=\"pg-115-4\"  class=\"panel-grid panel-no-style\" ><div id=\"pgc-115-4-0\"  class=\"panel-grid-cell\" ><div id=\"panel-115-4-0-0\" class=\"so-panel widget panel-first-child panel-last-child\" data-index=\"5\" ><\/div><\/div><\/div><div id=\"pg-115-5\"  class=\"panel-grid panel-has-style\" ><div class=\"panel-row-style panel-row-style-for-115-5\" ><div id=\"pgc-115-5-0\"  class=\"panel-grid-cell\" ><div id=\"panel-115-5-0-0\" class=\"so-panel widget widget_sow-editor panel-first-child panel-last-child\" data-index=\"6\" ><div\n\t\t\t\n\t\t\tclass=\"so-widget-sow-editor so-widget-sow-editor-base\"\n\t\t\t\n\t\t>\n<div class=\"siteorigin-widget-tinymce textwidget\">\n\t<p><iframe loading=\"lazy\" src=\"https:\/\/www.google.com\/maps\/embed?pb=!1m18!1m12!1m3!1d2494.597671507531!2d6.872488415456542!3d51.30012757960157!2m3!1f0!2f0!3f0!3m2!1i1024!2i768!4f13.1!3m3!1m2!1s0x47b8cf4cd4c6e6d3%3A0xa88801b561af6f93!2sHaus+der+Gastlichkeit!5e0!3m2!1sde!2sde!4v1552822774950\" width=\"600\" height=\"450\" frameborder=\"0\" style=\"border:0\" allowfullscreen><\/iframe><\/p>\n<\/div>\n<\/div><\/div><\/div><div id=\"pgc-115-5-1\"  class=\"panel-grid-cell\" ><div id=\"panel-115-5-1-0\" class=\"so-panel widget widget_sow-headline panel-first-child\" data-index=\"7\" ><div class=\"panel-widget-style panel-widget-style-for-115-5-1-0\" ><div\n\t\t\t\n\t\t\tclass=\"so-widget-sow-headline so-widget-sow-headline-default-957f2bf618de-115 so-widget-fittext-wrapper\"\n\t\t\t data-fit-text-compressor=\"0.85\"\n\t\t><div class=\"sow-headline-container \">\n\t\t\t\t\t\t\t<h1 class=\"sow-headline\">\n\t\t\t\t\t\tWir sind in der N\u00e4he des:\t\t\t\t\t\t<\/h1>\n\t\t\t\t\t\t\t\t\t\t\t<div class=\"decoration\">\n\t\t\t\t\t\t<div class=\"decoration-inside\"><\/div>\n\t\t\t\t\t<\/div>\n\t\t\t\t\t<\/div>\n<\/div><\/div><\/div><div id=\"panel-115-5-1-1\" class=\"so-panel widget widget_sow-editor panel-last-child\" data-index=\"8\" ><div class=\"panel-widget-style panel-widget-style-for-115-5-1-1\" ><div\n\t\t\t\n\t\t\tclass=\"so-widget-sow-editor so-widget-sow-editor-base\"\n\t\t\t\n\t\t>\n<div class=\"siteorigin-widget-tinymce textwidget\">\n\t<h4 style=\"text-align: center;\"><span style=\"color: #333333;\">Ostbahnhof Ratingen ( ca. 1,2 km )<\/span><\/h4>\n<h4 style=\"text-align: center;\"><span style=\"color: #333333;\"><a style=\"color: #333333;\" href=\"https:\/\/www.bahnhof.de\/bahnhof-de\/D\u00fcsseldorf_Hbf-1021118\" target=\"_blank\" rel=\"noopener\">Hauptbahnhof D\u00fcsseldorf<\/a>\u00a0( 15 min via S6 )<\/span><\/h4>\n<h4 style=\"text-align: center;\"><span style=\"color: #333333;\"><a style=\"color: #333333;\" href=\"https:\/\/www.dus.com\/de-de\" target=\"_blank\" rel=\"noopener\">D\u00fcsseldorf Airport<\/a>\u00a0( 9 km )<\/span><\/h4>\n<h4 style=\"text-align: center;\"><span style=\"color: #333333;\"><a style=\"color: #333333;\" href=\"http:\/\/www.messe-duesseldorf.de\" target=\"_blank\" rel=\"noopener\">Messe D\u00fcsseldorf<\/a>\u00a0( 16 km )<\/span><\/h4>\n<h4 style=\"text-align: center;\"><span style=\"color: #333333;\">\u00a0<\/span><\/h4>\n<h4 style=\"text-align: center;\"><span style=\"color: #333333;\">Bruchstra\u00dfe 40<\/span><\/h4>\n<h4 style=\"text-align: center;\"><span style=\"color: #333333;\">40882 Ratingen<\/span><\/h4>\n<h4 style=\"text-align: center;\"><span style=\"color: #333333;\">NRW, Deutschland<\/span><\/h4>\n<\/div>\n<\/div><\/div><\/div><\/div><\/div><\/div><div id=\"pg-115-6\"  class=\"panel-grid panel-no-style\" ><div id=\"pgc-115-6-0\"  class=\"panel-grid-cell\" ><div id=\"panel-115-6-0-0\" class=\"so-panel widget widget_sow-editor panel-first-child panel-last-child\" data-index=\"9\" ><div\n\t\t\t\n\t\t\tclass=\"so-widget-sow-editor so-widget-sow-editor-base\"\n\t\t\t\n\t\t>\n<div class=\"siteorigin-widget-tinymce textwidget\">\n\t<div id='gallery-1' class='gallery galleryid-115 gallery-columns-3 gallery-size-thumbnail'><figure class='gallery-item'>\n\t\t\t<div class='gallery-icon landscape'>\n\t\t\t\t<a href='https:\/\/www.haus-der-gastlichkeit.de\/index.php\/haus-der-gastlichkeit-2\/hotel\/p1100704\/'><img loading=\"lazy\" decoding=\"async\" width=\"150\" height=\"150\" src=\"https:\/\/www.haus-der-gastlichkeit.de\/wp-content\/uploads\/2017\/01\/P1100704-150x150.jpg\" class=\"attachment-thumbnail size-thumbnail\" alt=\"\" \/><\/a>\n\t\t\t<\/div><\/figure><figure class='gallery-item'>\n\t\t\t<div class='gallery-icon landscape'>\n\t\t\t\t<a href='https:\/\/www.haus-der-gastlichkeit.de\/index.php\/haus-der-gastlichkeit-2\/hotel\/p1100715\/'><img loading=\"lazy\" decoding=\"async\" width=\"150\" height=\"150\" src=\"https:\/\/www.haus-der-gastlichkeit.de\/wp-content\/uploads\/2017\/01\/P1100715-150x150.jpg\" class=\"attachment-thumbnail size-thumbnail\" alt=\"\" \/><\/a>\n\t\t\t<\/div><\/figure><figure class='gallery-item'>\n\t\t\t<div class='gallery-icon landscape'>\n\t\t\t\t<a href='https:\/\/www.haus-der-gastlichkeit.de\/index.php\/haus-der-gastlichkeit-2\/hotel\/p1100808\/'><img loading=\"lazy\" decoding=\"async\" width=\"150\" height=\"150\" src=\"https:\/\/www.haus-der-gastlichkeit.de\/wp-content\/uploads\/2017\/01\/P1100808-150x150.jpg\" class=\"attachment-thumbnail size-thumbnail\" alt=\"\" \/><\/a>\n\t\t\t<\/div><\/figure><figure class='gallery-item'>\n\t\t\t<div class='gallery-icon landscape'>\n\t\t\t\t<a href='https:\/\/www.haus-der-gastlichkeit.de\/index.php\/haus-der-gastlichkeit-2\/hotel\/p1100735\/'><img loading=\"lazy\" decoding=\"async\" width=\"150\" height=\"150\" src=\"https:\/\/www.haus-der-gastlichkeit.de\/wp-content\/uploads\/2017\/01\/P1100735-150x150.jpg\" class=\"attachment-thumbnail size-thumbnail\" alt=\"\" \/><\/a>\n\t\t\t<\/div><\/figure><figure class='gallery-item'>\n\t\t\t<div class='gallery-icon landscape'>\n\t\t\t\t<a href='https:\/\/www.haus-der-gastlichkeit.de\/index.php\/haus-der-gastlichkeit-2\/hotel\/p1100736\/'><img loading=\"lazy\" decoding=\"async\" width=\"150\" height=\"113\" src=\"https:\/\/www.haus-der-gastlichkeit.de\/wp-content\/uploads\/2017\/01\/P1100736.jpg\" class=\"attachment-thumbnail size-thumbnail\" alt=\"\" \/><\/a>\n\t\t\t<\/div><\/figure><figure class='gallery-item'>\n\t\t\t<div class='gallery-icon portrait'>\n\t\t\t\t<a href='https:\/\/www.haus-der-gastlichkeit.de\/index.php\/haus-der-gastlichkeit-2\/hotel\/p1100763\/'><img loading=\"lazy\" decoding=\"async\" width=\"150\" height=\"150\" src=\"https:\/\/www.haus-der-gastlichkeit.de\/wp-content\/uploads\/2017\/01\/P1100763-e1498817627358-150x150.jpg\" class=\"attachment-thumbnail size-thumbnail\" alt=\"\" \/><\/a>\n\t\t\t<\/div><\/figure><figure class='gallery-item'>\n\t\t\t<div class='gallery-icon landscape'>\n\t\t\t\t<a href='https:\/\/www.haus-der-gastlichkeit.de\/index.php\/haus-der-gastlichkeit-2\/p1100786\/'><img loading=\"lazy\" decoding=\"async\" width=\"150\" height=\"150\" src=\"https:\/\/www.haus-der-gastlichkeit.de\/wp-content\/uploads\/2016\/08\/P1100786-e1471449733295-150x150.jpg\" class=\"attachment-thumbnail size-thumbnail\" alt=\"\" \/><\/a>\n\t\t\t<\/div><\/figure>\n\t\t<\/div>\n\n<\/div>\n<\/div><\/div><\/div><\/div><\/div>","protected":false},"excerpt":{"rendered":"<p>Hotel &nbsp;Fr\u00fchst\u00fcckHundRauchen10\u20ac pro Person 6 &#8211; 10 Uhr 8\u20ac pro Nacht Alle Zimmer sind Nichtraucher-Zimmer Ausnahme: Balkon, Terrasse Lagein einem ruhigen WohngebietBadjedes Zimmer hat Dusche und WCKostenloses WLANschnelles Internet im ganzen HausTV-Entertainmentin High DefinitionRestaurantdurchg\u00e4ngig warme K\u00fcche von 11:00 &#8211; 22:00 Uhr in der Sie Qualit\u00e4t genie\u00dfen d\u00fcrfen Wir sind in der N\u00e4he des: Ostbahnhof Ratingen [&hellip;]<\/p>\n","protected":false},"author":2,"featured_media":0,"parent":51,"menu_order":0,"comment_status":"closed","ping_status":"closed","template":"","meta":{"_acf_changed":false,"footnotes":""},"class_list":["post-115","page","type-page","status-publish","hentry","post"],"acf":[],"yoast_head":"<!-- This site is optimized with the Yoast SEO plugin v27.3 - https:\/\/yoast.com\/product\/yoast-seo-wordpress\/ -->\n<title>Hotel - Haus der Gastlichkeit<\/title>\n<meta name=\"description\" content=\"Unser kleines Hotel bietet Zimmer zu fairen Preisen nahe D\u00fcsseldorf. Komfort inklusive.\" \/>\n<meta name=\"robots\" content=\"index, follow, max-snippet:-1, max-image-preview:large, max-video-preview:-1\" \/>\n<link rel=\"canonical\" href=\"https:\/\/www.haus-der-gastlichkeit.de\/index.php\/haus-der-gastlichkeit-2\/hotel\/\" \/>\n<meta property=\"og:locale\" content=\"de_DE\" \/>\n<meta property=\"og:type\" content=\"article\" \/>\n<meta property=\"og:title\" content=\"Hotel - Haus der Gastlichkeit\" \/>\n<meta property=\"og:description\" content=\"Unser kleines Hotel bietet Zimmer zu fairen Preisen nahe D\u00fcsseldorf. Komfort inklusive.\" \/>\n<meta property=\"og:url\" content=\"https:\/\/www.haus-der-gastlichkeit.de\/index.php\/haus-der-gastlichkeit-2\/hotel\/\" \/>\n<meta property=\"og:site_name\" content=\"Haus der Gastlichkeit\" \/>\n<meta property=\"article:modified_time\" content=\"2024-10-16T12:13:56+00:00\" \/>\n<meta property=\"og:image\" content=\"https:\/\/www.haus-der-gastlichkeit.de\/wp-content\/uploads\/2017\/01\/P1100763-e1498817627358-225x300.jpg\" \/>\n<meta name=\"twitter:card\" content=\"summary_large_image\" \/>\n<meta name=\"twitter:label1\" content=\"Gesch\u00e4tzte Lesezeit\" \/>\n\t<meta name=\"twitter:data1\" content=\"3\u00a0Minuten\" \/>\n<script type=\"application\/ld+json\" class=\"yoast-schema-graph\">{\"@context\":\"https:\\\/\\\/schema.org\",\"@graph\":[{\"@type\":\"WebPage\",\"@id\":\"https:\\\/\\\/www.haus-der-gastlichkeit.de\\\/index.php\\\/haus-der-gastlichkeit-2\\\/hotel\\\/\",\"url\":\"https:\\\/\\\/www.haus-der-gastlichkeit.de\\\/index.php\\\/haus-der-gastlichkeit-2\\\/hotel\\\/\",\"name\":\"Hotel - Haus der Gastlichkeit\",\"isPartOf\":{\"@id\":\"https:\\\/\\\/www.haus-der-gastlichkeit.de\\\/#website\"},\"primaryImageOfPage\":{\"@id\":\"https:\\\/\\\/www.haus-der-gastlichkeit.de\\\/index.php\\\/haus-der-gastlichkeit-2\\\/hotel\\\/#primaryimage\"},\"image\":{\"@id\":\"https:\\\/\\\/www.haus-der-gastlichkeit.de\\\/index.php\\\/haus-der-gastlichkeit-2\\\/hotel\\\/#primaryimage\"},\"thumbnailUrl\":\"https:\\\/\\\/www.haus-der-gastlichkeit.de\\\/wp-content\\\/uploads\\\/2017\\\/01\\\/P1100763-e1498817627358-225x300.jpg\",\"datePublished\":\"2017-01-03T15:48:01+00:00\",\"dateModified\":\"2024-10-16T12:13:56+00:00\",\"description\":\"Unser kleines Hotel bietet Zimmer zu fairen Preisen nahe D\u00fcsseldorf. Komfort inklusive.\",\"breadcrumb\":{\"@id\":\"https:\\\/\\\/www.haus-der-gastlichkeit.de\\\/index.php\\\/haus-der-gastlichkeit-2\\\/hotel\\\/#breadcrumb\"},\"inLanguage\":\"de\",\"potentialAction\":[{\"@type\":\"ReadAction\",\"target\":[\"https:\\\/\\\/www.haus-der-gastlichkeit.de\\\/index.php\\\/haus-der-gastlichkeit-2\\\/hotel\\\/\"]}]},{\"@type\":\"ImageObject\",\"inLanguage\":\"de\",\"@id\":\"https:\\\/\\\/www.haus-der-gastlichkeit.de\\\/index.php\\\/haus-der-gastlichkeit-2\\\/hotel\\\/#primaryimage\",\"url\":\"https:\\\/\\\/www.haus-der-gastlichkeit.de\\\/wp-content\\\/uploads\\\/2017\\\/01\\\/P1100763-e1498817627358.jpg\",\"contentUrl\":\"https:\\\/\\\/www.haus-der-gastlichkeit.de\\\/wp-content\\\/uploads\\\/2017\\\/01\\\/P1100763-e1498817627358.jpg\",\"width\":3000,\"height\":4000},{\"@type\":\"BreadcrumbList\",\"@id\":\"https:\\\/\\\/www.haus-der-gastlichkeit.de\\\/index.php\\\/haus-der-gastlichkeit-2\\\/hotel\\\/#breadcrumb\",\"itemListElement\":[{\"@type\":\"ListItem\",\"position\":1,\"name\":\"Startseite\",\"item\":\"https:\\\/\\\/www.haus-der-gastlichkeit.de\\\/\"},{\"@type\":\"ListItem\",\"position\":2,\"name\":\"Haus der Gastlichkeit\",\"item\":\"https:\\\/\\\/www.haus-der-gastlichkeit.de\\\/\"},{\"@type\":\"ListItem\",\"position\":3,\"name\":\"Hotel\"}]},{\"@type\":\"WebSite\",\"@id\":\"https:\\\/\\\/www.haus-der-gastlichkeit.de\\\/#website\",\"url\":\"https:\\\/\\\/www.haus-der-gastlichkeit.de\\\/\",\"name\":\"Haus der Gastlichkeit\",\"description\":\"Hotel, Cafe, Restaurant\",\"publisher\":{\"@id\":\"https:\\\/\\\/www.haus-der-gastlichkeit.de\\\/#organization\"},\"potentialAction\":[{\"@type\":\"SearchAction\",\"target\":{\"@type\":\"EntryPoint\",\"urlTemplate\":\"https:\\\/\\\/www.haus-der-gastlichkeit.de\\\/?s={search_term_string}\"},\"query-input\":{\"@type\":\"PropertyValueSpecification\",\"valueRequired\":true,\"valueName\":\"search_term_string\"}}],\"inLanguage\":\"de\"},{\"@type\":\"Organization\",\"@id\":\"https:\\\/\\\/www.haus-der-gastlichkeit.de\\\/#organization\",\"name\":\"Haus der Gastlichkeit\",\"url\":\"https:\\\/\\\/www.haus-der-gastlichkeit.de\\\/\",\"logo\":{\"@type\":\"ImageObject\",\"inLanguage\":\"de\",\"@id\":\"https:\\\/\\\/www.haus-der-gastlichkeit.de\\\/#\\\/schema\\\/logo\\\/image\\\/\",\"url\":\"https:\\\/\\\/www.haus-der-gastlichkeit.de\\\/wp-content\\\/uploads\\\/2017\\\/06\\\/LOGO.png\",\"contentUrl\":\"https:\\\/\\\/www.haus-der-gastlichkeit.de\\\/wp-content\\\/uploads\\\/2017\\\/06\\\/LOGO.png\",\"width\":1266,\"height\":552,\"caption\":\"Haus der Gastlichkeit\"},\"image\":{\"@id\":\"https:\\\/\\\/www.haus-der-gastlichkeit.de\\\/#\\\/schema\\\/logo\\\/image\\\/\"}}]}<\/script>\n<!-- \/ Yoast SEO plugin. -->","yoast_head_json":{"title":"Hotel - Haus der Gastlichkeit","description":"Unser kleines Hotel bietet Zimmer zu fairen Preisen nahe D\u00fcsseldorf. Komfort inklusive.","robots":{"index":"index","follow":"follow","max-snippet":"max-snippet:-1","max-image-preview":"max-image-preview:large","max-video-preview":"max-video-preview:-1"},"canonical":"https:\/\/www.haus-der-gastlichkeit.de\/index.php\/haus-der-gastlichkeit-2\/hotel\/","og_locale":"de_DE","og_type":"article","og_title":"Hotel - Haus der Gastlichkeit","og_description":"Unser kleines Hotel bietet Zimmer zu fairen Preisen nahe D\u00fcsseldorf. Komfort inklusive.","og_url":"https:\/\/www.haus-der-gastlichkeit.de\/index.php\/haus-der-gastlichkeit-2\/hotel\/","og_site_name":"Haus der Gastlichkeit","article_modified_time":"2024-10-16T12:13:56+00:00","og_image":[{"url":"https:\/\/www.haus-der-gastlichkeit.de\/wp-content\/uploads\/2017\/01\/P1100763-e1498817627358-225x300.jpg","type":"","width":"","height":""}],"twitter_card":"summary_large_image","twitter_misc":{"Gesch\u00e4tzte Lesezeit":"3\u00a0Minuten"},"schema":{"@context":"https:\/\/schema.org","@graph":[{"@type":"WebPage","@id":"https:\/\/www.haus-der-gastlichkeit.de\/index.php\/haus-der-gastlichkeit-2\/hotel\/","url":"https:\/\/www.haus-der-gastlichkeit.de\/index.php\/haus-der-gastlichkeit-2\/hotel\/","name":"Hotel - Haus der Gastlichkeit","isPartOf":{"@id":"https:\/\/www.haus-der-gastlichkeit.de\/#website"},"primaryImageOfPage":{"@id":"https:\/\/www.haus-der-gastlichkeit.de\/index.php\/haus-der-gastlichkeit-2\/hotel\/#primaryimage"},"image":{"@id":"https:\/\/www.haus-der-gastlichkeit.de\/index.php\/haus-der-gastlichkeit-2\/hotel\/#primaryimage"},"thumbnailUrl":"https:\/\/www.haus-der-gastlichkeit.de\/wp-content\/uploads\/2017\/01\/P1100763-e1498817627358-225x300.jpg","datePublished":"2017-01-03T15:48:01+00:00","dateModified":"2024-10-16T12:13:56+00:00","description":"Unser kleines Hotel bietet Zimmer zu fairen Preisen nahe D\u00fcsseldorf. Komfort inklusive.","breadcrumb":{"@id":"https:\/\/www.haus-der-gastlichkeit.de\/index.php\/haus-der-gastlichkeit-2\/hotel\/#breadcrumb"},"inLanguage":"de","potentialAction":[{"@type":"ReadAction","target":["https:\/\/www.haus-der-gastlichkeit.de\/index.php\/haus-der-gastlichkeit-2\/hotel\/"]}]},{"@type":"ImageObject","inLanguage":"de","@id":"https:\/\/www.haus-der-gastlichkeit.de\/index.php\/haus-der-gastlichkeit-2\/hotel\/#primaryimage","url":"https:\/\/www.haus-der-gastlichkeit.de\/wp-content\/uploads\/2017\/01\/P1100763-e1498817627358.jpg","contentUrl":"https:\/\/www.haus-der-gastlichkeit.de\/wp-content\/uploads\/2017\/01\/P1100763-e1498817627358.jpg","width":3000,"height":4000},{"@type":"BreadcrumbList","@id":"https:\/\/www.haus-der-gastlichkeit.de\/index.php\/haus-der-gastlichkeit-2\/hotel\/#breadcrumb","itemListElement":[{"@type":"ListItem","position":1,"name":"Startseite","item":"https:\/\/www.haus-der-gastlichkeit.de\/"},{"@type":"ListItem","position":2,"name":"Haus der Gastlichkeit","item":"https:\/\/www.haus-der-gastlichkeit.de\/"},{"@type":"ListItem","position":3,"name":"Hotel"}]},{"@type":"WebSite","@id":"https:\/\/www.haus-der-gastlichkeit.de\/#website","url":"https:\/\/www.haus-der-gastlichkeit.de\/","name":"Haus der Gastlichkeit","description":"Hotel, Cafe, Restaurant","publisher":{"@id":"https:\/\/www.haus-der-gastlichkeit.de\/#organization"},"potentialAction":[{"@type":"SearchAction","target":{"@type":"EntryPoint","urlTemplate":"https:\/\/www.haus-der-gastlichkeit.de\/?s={search_term_string}"},"query-input":{"@type":"PropertyValueSpecification","valueRequired":true,"valueName":"search_term_string"}}],"inLanguage":"de"},{"@type":"Organization","@id":"https:\/\/www.haus-der-gastlichkeit.de\/#organization","name":"Haus der Gastlichkeit","url":"https:\/\/www.haus-der-gastlichkeit.de\/","logo":{"@type":"ImageObject","inLanguage":"de","@id":"https:\/\/www.haus-der-gastlichkeit.de\/#\/schema\/logo\/image\/","url":"https:\/\/www.haus-der-gastlichkeit.de\/wp-content\/uploads\/2017\/06\/LOGO.png","contentUrl":"https:\/\/www.haus-der-gastlichkeit.de\/wp-content\/uploads\/2017\/06\/LOGO.png","width":1266,"height":552,"caption":"Haus der Gastlichkeit"},"image":{"@id":"https:\/\/www.haus-der-gastlichkeit.de\/#\/schema\/logo\/image\/"}}]}},"_links":{"self":[{"href":"https:\/\/www.haus-der-gastlichkeit.de\/index.php\/wp-json\/wp\/v2\/pages\/115","targetHints":{"allow":["GET"]}}],"collection":[{"href":"https:\/\/www.haus-der-gastlichkeit.de\/index.php\/wp-json\/wp\/v2\/pages"}],"about":[{"href":"https:\/\/www.haus-der-gastlichkeit.de\/index.php\/wp-json\/wp\/v2\/types\/page"}],"author":[{"embeddable":true,"href":"https:\/\/www.haus-der-gastlichkeit.de\/index.php\/wp-json\/wp\/v2\/users\/2"}],"replies":[{"embeddable":true,"href":"https:\/\/www.haus-der-gastlichkeit.de\/index.php\/wp-json\/wp\/v2\/comments?post=115"}],"version-history":[{"count":8,"href":"https:\/\/www.haus-der-gastlichkeit.de\/index.php\/wp-json\/wp\/v2\/pages\/115\/revisions"}],"predecessor-version":[{"id":7094,"href":"https:\/\/www.haus-der-gastlichkeit.de\/index.php\/wp-json\/wp\/v2\/pages\/115\/revisions\/7094"}],"up":[{"embeddable":true,"href":"https:\/\/www.haus-der-gastlichkeit.de\/index.php\/wp-json\/wp\/v2\/pages\/51"}],"wp:attachment":[{"href":"https:\/\/www.haus-der-gastlichkeit.de\/index.php\/wp-json\/wp\/v2\/media?parent=115"}],"curies":[{"name":"wp","href":"https:\/\/api.w.org\/{rel}","templated":true}]}}