{"id":80,"date":"2016-11-08T19:23:48","date_gmt":"2016-11-08T18:23:48","guid":{"rendered":"http:\/\/new.haus-der-gastlichkeit.de\/?page_id=80"},"modified":"2026-03-15T13:03:02","modified_gmt":"2026-03-15T12:03:02","slug":"kontakt","status":"publish","type":"page","link":"https:\/\/www.haus-der-gastlichkeit.de\/index.php\/haus-der-gastlichkeit-2\/kontakt\/","title":{"rendered":"Kontakt"},"content":{"rendered":"<div id=\"pl-80\"  class=\"panel-layout\" ><div id=\"pg-80-0\"  class=\"panel-grid panel-has-style\" ><div class=\"siteorigin-panels-stretch panel-row-style panel-row-style-for-80-0\" data-stretch-type=\"full-width-stretch\" ><div id=\"pgc-80-0-0\"  class=\"panel-grid-cell\" ><div id=\"panel-80-0-0-0\" class=\"so-panel widget widget_sow-hero panel-first-child panel-last-child\" data-index=\"0\" ><div\n\t\t\t\n\t\t\tclass=\"so-widget-sow-hero so-widget-sow-hero-default-0f000a8e34d0-80 so-widget-fittext-wrapper\"\n\t\t\t data-fit-text-compressor=\"0.85\"\n\t\t>\t\t\t\t<div class=\"sow-slider-base\" style=\"display: none\" tabindex=\"0\">\n\t\t\t\t\t<ul\n\t\t\t\t\tclass=\"sow-slider-images\"\n\t\t\t\t\tdata-settings=\"{&quot;pagination&quot;:true,&quot;speed&quot;:800,&quot;timeout&quot;:8000,&quot;paused&quot;:false,&quot;pause_on_hover&quot;:false,&quot;swipe&quot;:true,&quot;nav_always_show_desktop&quot;:&quot;&quot;,&quot;nav_always_show_mobile&quot;:&quot;&quot;,&quot;breakpoint&quot;:&quot;780px&quot;,&quot;unmute&quot;:false,&quot;anchor&quot;:null}\"\n\t\t\t\t\t\t\t\t\t\tdata-anchor-id=\"\"\n\t\t\t\t>\t\t<li class=\"sow-slider-image  sow-slider-image-cover\" style=\"visibility: visible;;background-color: #333333;background-image: url(https:\/\/www.haus-der-gastlichkeit.de\/wp-content\/uploads\/2018\/01\/IMG_1910-e1515452980764.jpg)\" >\n\t\t\t\t\t<div class=\"sow-slider-image-container\">\n\t\t\t<div class=\"sow-slider-image-wrapper\">\n\t\t\t\t<h1 style=\"text-align: center\"><span style=\"color: #ffffff\">Kontakt<\/span><\/h1>\n<h1 style=\"text-align: left\"><img loading=\"lazy\" decoding=\"async\" class=\"wp-image-7 aligncenter\" src=\"https:\/\/www.haus-der-gastlichkeit.de\/wp-content\/uploads\/2016\/07\/LOGO.png\" alt=\"\" width=\"598\" height=\"261\" srcset=\"https:\/\/www.haus-der-gastlichkeit.de\/wp-content\/uploads\/2016\/07\/LOGO.png 1266w, https:\/\/www.haus-der-gastlichkeit.de\/wp-content\/uploads\/2016\/07\/LOGO-300x131.png 300w, https:\/\/www.haus-der-gastlichkeit.de\/wp-content\/uploads\/2016\/07\/LOGO-768x335.png 768w, https:\/\/www.haus-der-gastlichkeit.de\/wp-content\/uploads\/2016\/07\/LOGO-1024x446.png 1024w, https:\/\/www.haus-der-gastlichkeit.de\/wp-content\/uploads\/2016\/07\/LOGO-1200x523.png 1200w\" sizes=\"auto, (max-width: 598px) 100vw, 598px\" \/><\/h1>\t\t\t<\/div>\n\t\t<\/div>\n\t\t\t\t<\/li>\n\t\t<\/ul>\t\t\t\t<ol class=\"sow-slider-pagination\">\n\t\t\t\t\t\t\t\t\t\t\t<li><a href=\"#\" data-goto=\"0\" aria-label=\"Display slide 1\"><\/a><\/li>\n\t\t\t\t\t\t\t\t\t<\/ol>\n\n\t\t\t\t<div class=\"sow-slide-nav sow-slide-nav-next\">\n\t\t\t\t\t<a href=\"#\" data-goto=\"next\" aria-label=\"Next slide\" data-action=\"next\">\n\t\t\t\t\t\t<em class=\"sow-sld-icon-thin-right\"><\/em>\n\t\t\t\t\t<\/a>\n\t\t\t\t<\/div>\n\n\t\t\t\t<div class=\"sow-slide-nav sow-slide-nav-prev\">\n\t\t\t\t\t<a href=\"#\" data-goto=\"previous\" aria-label=\"Previous slide\" data-action=\"prev\">\n\t\t\t\t\t\t<em class=\"sow-sld-icon-thin-left\"><\/em>\n\t\t\t\t\t<\/a>\n\t\t\t\t<\/div>\n\t\t\t\t<\/div><\/div><\/div><\/div><\/div><\/div><div id=\"pg-80-1\"  class=\"panel-grid panel-no-style\" ><div id=\"pgc-80-1-0\"  class=\"panel-grid-cell\" ><div id=\"panel-80-1-0-0\" class=\"so-panel widget widget_sow-editor panel-first-child panel-last-child\" data-index=\"1\" ><div\n\t\t\t\n\t\t\tclass=\"so-widget-sow-editor so-widget-sow-editor-base\"\n\t\t\t\n\t\t>\n<div class=\"siteorigin-widget-tinymce textwidget\">\n\t<p><iframe loading=\"lazy\" src=\"https:\/\/www.google.com\/maps\/embed?pb=!1m18!1m12!1m3!1d2494.597671507531!2d6.872488415456542!3d51.30012757960157!2m3!1f0!2f0!3f0!3m2!1i1024!2i768!4f13.1!3m3!1m2!1s0x47b8cf4cd4c6e6d3%3A0xa88801b561af6f93!2sHaus+der+Gastlichkeit!5e0!3m2!1sde!2sde!4v1552822774950\" width=\"600\" height=\"450\" frameborder=\"0\" style=\"border:0\" allowfullscreen><\/iframe><\/p>\n<\/div>\n<\/div><\/div><\/div><div id=\"pgc-80-1-1\"  class=\"panel-grid-cell\" ><div id=\"panel-80-1-1-0\" class=\"so-panel widget widget_lsow-accordion panel-first-child panel-last-child\" data-index=\"2\" ><div\n\t\t\t\n\t\t\tclass=\"so-widget-lsow-accordion so-widget-lsow-accordion-default-d75171398898-80\"\n\t\t\t\n\t\t>\n<div class=\"lsow-accordion style3\" data-toggle=\"false\" data-expanded=\"false\"><div class=\"lsow-panel\" id=\"\"><div class=\"lsow-panel-title\">Haus der Gastlichkeit<\/div><div class=\"lsow-panel-content\"><p>Inh. Christine Rogall<\/p>\n<p>Chefkoch Karsten Rogall<\/p>\n<\/div><\/div><!-- .lsow-panel --><div class=\"lsow-panel\" id=\"\"><div class=\"lsow-panel-title\">Adresse<\/div><div class=\"lsow-panel-content\"><p>Bruchstra\u00dfe 40<\/p>\n<p>40882 Ratingen<\/p>\n<p>NRW, Deutschland<\/p>\n<\/div><\/div><!-- .lsow-panel --><div class=\"lsow-panel\" id=\"\"><div class=\"lsow-panel-title\">Telefon<\/div><div class=\"lsow-panel-content\"><p><a href=\"tel:+49210283646\">+49(0)2102 83646<\/a><\/p>\n<\/div><\/div><!-- .lsow-panel --><div class=\"lsow-panel\" id=\"\"><div class=\"lsow-panel-title\">Fax<\/div><div class=\"lsow-panel-content\"><p>+49 (0) 2102 \/ 87 08 04<\/p>\n<\/div><\/div><!-- .lsow-panel --><div class=\"lsow-panel\" id=\"\"><div class=\"lsow-panel-title\">E-Mail<\/div><div class=\"lsow-panel-content\"><p><a href=\"mailto:info@haus-der-gastlichkeit.de\">info@haus-der-gastlichkeit.de<\/a><\/p>\n<\/div><\/div><!-- .lsow-panel --><\/div><!-- .lsow-accordion --><\/div><\/div><\/div><\/div><div id=\"pg-80-2\"  class=\"panel-grid panel-no-style\" ><div id=\"pgc-80-2-0\"  class=\"panel-grid-cell\" ><div id=\"panel-80-2-0-0\" class=\"so-panel widget widget_sow-editor panel-first-child panel-last-child\" data-index=\"3\" ><div id=\"11\" class=\"panel-widget-style panel-widget-style-for-80-2-0-0\" ><div\n\t\t\t\n\t\t\tclass=\"so-widget-sow-editor so-widget-sow-editor-base\"\n\t\t\t\n\t\t>\n<div class=\"siteorigin-widget-tinymce textwidget\">\n\t<h1 style=\"text-align: center;\"><span style=\"color: #000000;\">\u00d6ffnungszeiten:<\/span><\/h1>\n<h2 style=\"text-align: center;\"><span style=\"color: #000000;\">t\u00e4glich von 9-24 Uhr (auch Feiertags)<\/span><\/h2>\n<h2 style=\"text-align: center;\"><span style=\"color: #000000;\">K\u00fcche: 12-21 Uhr<\/span><\/h2>\n<h2 style=\"text-align: center;\"><span style=\"color: #000000;\">Wir schlie\u00dfen erst, wenn der letzte Gast geht!<\/span><\/h2>\n<\/div>\n<\/div><\/div><\/div><\/div><\/div><\/div>","protected":false},"excerpt":{"rendered":"<p>Kontakt Haus der GastlichkeitInh. Christine Rogall Chefkoch Karsten Rogall AdresseBruchstra\u00dfe 40 40882 Ratingen NRW, Deutschland Telefon+49(0)2102 83646 Fax+49 (0) 2102 \/ 87 08 04 E-Mailinfo@haus-der-gastlichkeit.de \u00d6ffnungszeiten: t\u00e4glich von 9-24 Uhr (auch Feiertags) K\u00fcche: 12-21 Uhr Wir schlie\u00dfen erst, wenn der letzte Gast geht!<\/p>\n","protected":false},"author":2,"featured_media":0,"parent":51,"menu_order":0,"comment_status":"closed","ping_status":"closed","template":"","meta":{"_acf_changed":false,"footnotes":""},"class_list":["post-80","page","type-page","status-publish","hentry","post"],"acf":[],"yoast_head":"<!-- This site is optimized with the Yoast SEO plugin v27.3 - https:\/\/yoast.com\/product\/yoast-seo-wordpress\/ -->\n<title>Kontakt - Haus der Gastlichkeit<\/title>\n<meta name=\"description\" content=\"Nehmen Sie Kontakt mit uns auf. Per Telefon, E-Mail oder Kontaktformular. Hier finden Sie unsere \u00d6ffnungszeiten und eine Wegbeschreibung.\" \/>\n<meta name=\"robots\" content=\"index, follow, max-snippet:-1, max-image-preview:large, max-video-preview:-1\" \/>\n<link rel=\"canonical\" href=\"https:\/\/www.haus-der-gastlichkeit.de\/index.php\/haus-der-gastlichkeit-2\/kontakt\/\" \/>\n<meta property=\"og:locale\" content=\"de_DE\" \/>\n<meta property=\"og:type\" content=\"article\" \/>\n<meta property=\"og:title\" content=\"Kontakt - Haus der Gastlichkeit\" \/>\n<meta property=\"og:description\" content=\"Nehmen Sie Kontakt mit uns auf. Per Telefon, E-Mail oder Kontaktformular. Hier finden Sie unsere \u00d6ffnungszeiten und eine Wegbeschreibung.\" \/>\n<meta property=\"og:url\" content=\"https:\/\/www.haus-der-gastlichkeit.de\/index.php\/haus-der-gastlichkeit-2\/kontakt\/\" \/>\n<meta property=\"og:site_name\" content=\"Haus der Gastlichkeit\" \/>\n<meta property=\"article:modified_time\" content=\"2026-03-15T12:03:02+00:00\" \/>\n<meta name=\"twitter:card\" content=\"summary_large_image\" \/>\n<meta name=\"twitter:label1\" content=\"Gesch\u00e4tzte Lesezeit\" \/>\n\t<meta name=\"twitter:data1\" content=\"1\u00a0Minute\" \/>\n<script type=\"application\/ld+json\" class=\"yoast-schema-graph\">{\"@context\":\"https:\\\/\\\/schema.org\",\"@graph\":[{\"@type\":\"WebPage\",\"@id\":\"https:\\\/\\\/www.haus-der-gastlichkeit.de\\\/index.php\\\/haus-der-gastlichkeit-2\\\/kontakt\\\/\",\"url\":\"https:\\\/\\\/www.haus-der-gastlichkeit.de\\\/index.php\\\/haus-der-gastlichkeit-2\\\/kontakt\\\/\",\"name\":\"Kontakt - Haus der Gastlichkeit\",\"isPartOf\":{\"@id\":\"https:\\\/\\\/www.haus-der-gastlichkeit.de\\\/#website\"},\"datePublished\":\"2016-11-08T18:23:48+00:00\",\"dateModified\":\"2026-03-15T12:03:02+00:00\",\"description\":\"Nehmen Sie Kontakt mit uns auf. Per Telefon, E-Mail oder Kontaktformular. Hier finden Sie unsere \u00d6ffnungszeiten und eine Wegbeschreibung.\",\"breadcrumb\":{\"@id\":\"https:\\\/\\\/www.haus-der-gastlichkeit.de\\\/index.php\\\/haus-der-gastlichkeit-2\\\/kontakt\\\/#breadcrumb\"},\"inLanguage\":\"de\",\"potentialAction\":[{\"@type\":\"ReadAction\",\"target\":[\"https:\\\/\\\/www.haus-der-gastlichkeit.de\\\/index.php\\\/haus-der-gastlichkeit-2\\\/kontakt\\\/\"]}]},{\"@type\":\"BreadcrumbList\",\"@id\":\"https:\\\/\\\/www.haus-der-gastlichkeit.de\\\/index.php\\\/haus-der-gastlichkeit-2\\\/kontakt\\\/#breadcrumb\",\"itemListElement\":[{\"@type\":\"ListItem\",\"position\":1,\"name\":\"Startseite\",\"item\":\"https:\\\/\\\/www.haus-der-gastlichkeit.de\\\/\"},{\"@type\":\"ListItem\",\"position\":2,\"name\":\"Haus der Gastlichkeit\",\"item\":\"https:\\\/\\\/www.haus-der-gastlichkeit.de\\\/\"},{\"@type\":\"ListItem\",\"position\":3,\"name\":\"Kontakt\"}]},{\"@type\":\"WebSite\",\"@id\":\"https:\\\/\\\/www.haus-der-gastlichkeit.de\\\/#website\",\"url\":\"https:\\\/\\\/www.haus-der-gastlichkeit.de\\\/\",\"name\":\"Haus der Gastlichkeit\",\"description\":\"Hotel, Cafe, Restaurant\",\"publisher\":{\"@id\":\"https:\\\/\\\/www.haus-der-gastlichkeit.de\\\/#organization\"},\"potentialAction\":[{\"@type\":\"SearchAction\",\"target\":{\"@type\":\"EntryPoint\",\"urlTemplate\":\"https:\\\/\\\/www.haus-der-gastlichkeit.de\\\/?s={search_term_string}\"},\"query-input\":{\"@type\":\"PropertyValueSpecification\",\"valueRequired\":true,\"valueName\":\"search_term_string\"}}],\"inLanguage\":\"de\"},{\"@type\":\"Organization\",\"@id\":\"https:\\\/\\\/www.haus-der-gastlichkeit.de\\\/#organization\",\"name\":\"Haus der Gastlichkeit\",\"url\":\"https:\\\/\\\/www.haus-der-gastlichkeit.de\\\/\",\"logo\":{\"@type\":\"ImageObject\",\"inLanguage\":\"de\",\"@id\":\"https:\\\/\\\/www.haus-der-gastlichkeit.de\\\/#\\\/schema\\\/logo\\\/image\\\/\",\"url\":\"https:\\\/\\\/www.haus-der-gastlichkeit.de\\\/wp-content\\\/uploads\\\/2017\\\/06\\\/LOGO.png\",\"contentUrl\":\"https:\\\/\\\/www.haus-der-gastlichkeit.de\\\/wp-content\\\/uploads\\\/2017\\\/06\\\/LOGO.png\",\"width\":1266,\"height\":552,\"caption\":\"Haus der Gastlichkeit\"},\"image\":{\"@id\":\"https:\\\/\\\/www.haus-der-gastlichkeit.de\\\/#\\\/schema\\\/logo\\\/image\\\/\"}}]}<\/script>\n<!-- \/ Yoast SEO plugin. -->","yoast_head_json":{"title":"Kontakt - Haus der Gastlichkeit","description":"Nehmen Sie Kontakt mit uns auf. Per Telefon, E-Mail oder Kontaktformular. Hier finden Sie unsere \u00d6ffnungszeiten und eine Wegbeschreibung.","robots":{"index":"index","follow":"follow","max-snippet":"max-snippet:-1","max-image-preview":"max-image-preview:large","max-video-preview":"max-video-preview:-1"},"canonical":"https:\/\/www.haus-der-gastlichkeit.de\/index.php\/haus-der-gastlichkeit-2\/kontakt\/","og_locale":"de_DE","og_type":"article","og_title":"Kontakt - Haus der Gastlichkeit","og_description":"Nehmen Sie Kontakt mit uns auf. Per Telefon, E-Mail oder Kontaktformular. Hier finden Sie unsere \u00d6ffnungszeiten und eine Wegbeschreibung.","og_url":"https:\/\/www.haus-der-gastlichkeit.de\/index.php\/haus-der-gastlichkeit-2\/kontakt\/","og_site_name":"Haus der Gastlichkeit","article_modified_time":"2026-03-15T12:03:02+00:00","twitter_card":"summary_large_image","twitter_misc":{"Gesch\u00e4tzte Lesezeit":"1\u00a0Minute"},"schema":{"@context":"https:\/\/schema.org","@graph":[{"@type":"WebPage","@id":"https:\/\/www.haus-der-gastlichkeit.de\/index.php\/haus-der-gastlichkeit-2\/kontakt\/","url":"https:\/\/www.haus-der-gastlichkeit.de\/index.php\/haus-der-gastlichkeit-2\/kontakt\/","name":"Kontakt - Haus der Gastlichkeit","isPartOf":{"@id":"https:\/\/www.haus-der-gastlichkeit.de\/#website"},"datePublished":"2016-11-08T18:23:48+00:00","dateModified":"2026-03-15T12:03:02+00:00","description":"Nehmen Sie Kontakt mit uns auf. Per Telefon, E-Mail oder Kontaktformular. Hier finden Sie unsere \u00d6ffnungszeiten und eine Wegbeschreibung.","breadcrumb":{"@id":"https:\/\/www.haus-der-gastlichkeit.de\/index.php\/haus-der-gastlichkeit-2\/kontakt\/#breadcrumb"},"inLanguage":"de","potentialAction":[{"@type":"ReadAction","target":["https:\/\/www.haus-der-gastlichkeit.de\/index.php\/haus-der-gastlichkeit-2\/kontakt\/"]}]},{"@type":"BreadcrumbList","@id":"https:\/\/www.haus-der-gastlichkeit.de\/index.php\/haus-der-gastlichkeit-2\/kontakt\/#breadcrumb","itemListElement":[{"@type":"ListItem","position":1,"name":"Startseite","item":"https:\/\/www.haus-der-gastlichkeit.de\/"},{"@type":"ListItem","position":2,"name":"Haus der Gastlichkeit","item":"https:\/\/www.haus-der-gastlichkeit.de\/"},{"@type":"ListItem","position":3,"name":"Kontakt"}]},{"@type":"WebSite","@id":"https:\/\/www.haus-der-gastlichkeit.de\/#website","url":"https:\/\/www.haus-der-gastlichkeit.de\/","name":"Haus der Gastlichkeit","description":"Hotel, Cafe, Restaurant","publisher":{"@id":"https:\/\/www.haus-der-gastlichkeit.de\/#organization"},"potentialAction":[{"@type":"SearchAction","target":{"@type":"EntryPoint","urlTemplate":"https:\/\/www.haus-der-gastlichkeit.de\/?s={search_term_string}"},"query-input":{"@type":"PropertyValueSpecification","valueRequired":true,"valueName":"search_term_string"}}],"inLanguage":"de"},{"@type":"Organization","@id":"https:\/\/www.haus-der-gastlichkeit.de\/#organization","name":"Haus der Gastlichkeit","url":"https:\/\/www.haus-der-gastlichkeit.de\/","logo":{"@type":"ImageObject","inLanguage":"de","@id":"https:\/\/www.haus-der-gastlichkeit.de\/#\/schema\/logo\/image\/","url":"https:\/\/www.haus-der-gastlichkeit.de\/wp-content\/uploads\/2017\/06\/LOGO.png","contentUrl":"https:\/\/www.haus-der-gastlichkeit.de\/wp-content\/uploads\/2017\/06\/LOGO.png","width":1266,"height":552,"caption":"Haus der Gastlichkeit"},"image":{"@id":"https:\/\/www.haus-der-gastlichkeit.de\/#\/schema\/logo\/image\/"}}]}},"_links":{"self":[{"href":"https:\/\/www.haus-der-gastlichkeit.de\/index.php\/wp-json\/wp\/v2\/pages\/80","targetHints":{"allow":["GET"]}}],"collection":[{"href":"https:\/\/www.haus-der-gastlichkeit.de\/index.php\/wp-json\/wp\/v2\/pages"}],"about":[{"href":"https:\/\/www.haus-der-gastlichkeit.de\/index.php\/wp-json\/wp\/v2\/types\/page"}],"author":[{"embeddable":true,"href":"https:\/\/www.haus-der-gastlichkeit.de\/index.php\/wp-json\/wp\/v2\/users\/2"}],"replies":[{"embeddable":true,"href":"https:\/\/www.haus-der-gastlichkeit.de\/index.php\/wp-json\/wp\/v2\/comments?post=80"}],"version-history":[{"count":5,"href":"https:\/\/www.haus-der-gastlichkeit.de\/index.php\/wp-json\/wp\/v2\/pages\/80\/revisions"}],"predecessor-version":[{"id":7157,"href":"https:\/\/www.haus-der-gastlichkeit.de\/index.php\/wp-json\/wp\/v2\/pages\/80\/revisions\/7157"}],"up":[{"embeddable":true,"href":"https:\/\/www.haus-der-gastlichkeit.de\/index.php\/wp-json\/wp\/v2\/pages\/51"}],"wp:attachment":[{"href":"https:\/\/www.haus-der-gastlichkeit.de\/index.php\/wp-json\/wp\/v2\/media?parent=80"}],"curies":[{"name":"wp","href":"https:\/\/api.w.org\/{rel}","templated":true}]}}